{"id":3170,"date":"2024-11-27T08:21:22","date_gmt":"2024-11-27T08:21:22","guid":{"rendered":"https:\/\/colonialeheritage.com\/?page_id=3170"},"modified":"2024-12-23T09:17:47","modified_gmt":"2024-12-23T09:17:47","slug":"reservation","status":"publish","type":"page","link":"https:\/\/colonialeheritage.com\/fr\/reservation\/","title":{"rendered":"R\u00e9servation"},"content":{"rendered":"<div data-elementor-type=\"wp-page\" data-elementor-id=\"3170\" class=\"elementor elementor-3170\">\n\t\t\t\t\t\t<section class=\"elementor-section elementor-top-section elementor-element elementor-element-5b9086f elementor-section-boxed elementor-section-height-default elementor-section-height-default\" data-id=\"5b9086f\" data-element_type=\"section\">\n\t\t\t\t\t\t<div class=\"elementor-container elementor-column-gap-default\">\n\t\t\t\t\t<div class=\"elementor-column elementor-col-100 elementor-top-column elementor-element elementor-element-08c1b98\" data-id=\"08c1b98\" data-element_type=\"column\">\n\t\t\t<div class=\"elementor-widget-wrap elementor-element-populated\">\n\t\t\t\t\t\t<div class=\"elementor-element elementor-element-747e044 elementor-widget elementor-widget-romancy_elementor_heading\" data-id=\"747e044\" data-element_type=\"widget\" data-widget_type=\"romancy_elementor_heading.default\">\n\t\t\t\t<div class=\"elementor-widget-container\">\n\t\t\t\t\t<div class=\"ova-title\">\n\n\t\t\t\t\t\t\t<h3 class=\"sub-title\">R\u00e9servations<\/h3>\n\t\t\t\n\t\t\t\t\t\t\t\n\t\t\t\t\t\t\t<h2 class=\"title\">\n\n\t\t\t\t\t\t\t\tVeuillez indiquer vos pr\u00e9f\u00e9rences personnelles en mati\u00e8re d'h\u00e9bergement\t\t\t\t\t\t\t\t \n\n\t\t\t\t\t\t\t<\/h2>\n\t\t\t\t\t\t\t\n\t\t\t\n\t\t<\/div> \n\t\t \t\n\t\t\t\t<\/div>\n\t\t\t\t<\/div>\n\t\t\t\t\t<\/div>\n\t\t<\/div>\n\t\t\t\t\t<\/div>\n\t\t<\/section>\n\t\t<div class=\"elementor-element elementor-element-82639ee e-flex e-con-boxed e-con e-parent\" data-id=\"82639ee\" data-element_type=\"container\">\n\t\t\t\t\t<div class=\"e-con-inner\">\n\t\t<div class=\"elementor-element elementor-element-754ffca e-con-full elementor-hidden-mobile e-flex e-con e-child\" data-id=\"754ffca\" data-element_type=\"container\">\n\t\t\t\t<\/div>\n\t\t<div class=\"elementor-element elementor-element-96ddc2c e-con-full e-flex e-con e-child\" data-id=\"96ddc2c\" data-element_type=\"container\">\n\t\t\t\t<div class=\"elementor-element elementor-element-a48e5a7 elementor-widget elementor-widget-shortcode\" data-id=\"a48e5a7\" data-element_type=\"widget\" data-widget_type=\"shortcode.default\">\n\t\t\t\t<div class=\"elementor-widget-container\">\n\t\t\t\t\t<div class=\"elementor-shortcode\">\n<div class=\"wpcf7 no-js\" id=\"wpcf7-f3495-o1\" lang=\"en-US\" dir=\"ltr\" data-wpcf7-id=\"3495\">\n<div class=\"screen-reader-response\"><p role=\"status\" aria-live=\"polite\" aria-atomic=\"true\"><\/p> <ul><\/ul><\/div>\n<form action=\"\/fr\/wp-json\/wp\/v2\/pages\/3170#wpcf7-f3495-o1\" method=\"post\" class=\"wpcf7-form init\" aria-label=\"Contact form\" novalidate=\"novalidate\" data-status=\"init\" data-trp-original-action=\"\/fr\/wp-json\/wp\/v2\/pages\/3170#wpcf7-f3495-o1\">\n<div style=\"display: none;\">\n<input type=\"hidden\" name=\"_wpcf7\" value=\"3495\" \/>\n<input type=\"hidden\" name=\"_wpcf7_version\" value=\"6.0.1\" \/>\n<input type=\"hidden\" name=\"_wpcf7_locale\" value=\"en_US\" \/>\n<input type=\"hidden\" name=\"_wpcf7_unit_tag\" value=\"wpcf7-f3495-o1\" \/>\n<input type=\"hidden\" name=\"_wpcf7_container_post\" value=\"0\" \/>\n<input type=\"hidden\" name=\"_wpcf7_posted_data_hash\" value=\"\" \/>\n<\/div>\n<div class=\"row reservationform\">\n\t<div class=\"col-6\">\n\t\t<p><label for=\"your-name\">Nom<span>*<\/span><\/label><br \/>\n<span class=\"wpcf7-form-control-wrap\" data-name=\"your-name\"><input size=\"40\" maxlength=\"400\" class=\"wpcf7-form-control wpcf7-text wpcf7-validates-as-required\" aria-required=\"true\" aria-invalid=\"false\" value=\"\" type=\"text\" name=\"your-name\" \/><\/span>\n\t\t<\/p>\n\t<\/div>\n\t<div class=\"col-6\">\n\t\t<p><label for=\"your-email\">Adresse email<span>*<\/span><\/label><br \/>\n<span class=\"wpcf7-form-control-wrap\" data-name=\"your-email\"><input size=\"40\" maxlength=\"400\" class=\"wpcf7-form-control wpcf7-text wpcf7-validates-as-required\" aria-required=\"true\" aria-invalid=\"false\" value=\"\" type=\"text\" name=\"your-email\" \/><\/span>\n\t\t<\/p>\n\t<\/div>\n\t<div class=\"col-12\">\n\t\t<p><label for=\"address\">Adresse<\/label><br \/>\n<span class=\"wpcf7-form-control-wrap\" data-name=\"address\"><textarea cols=\"40\" rows=\"3\" maxlength=\"2000\" class=\"wpcf7-form-control wpcf7-textarea wpcf7-validates-as-required form-control\" aria-required=\"true\" aria-invalid=\"false\" name=\"address\"><\/textarea><\/span>\n\t\t<\/p>\n\t<\/div>\n\t<div class=\"col-12\">\n\t\t<p><label for=\"your-country\">Pays<span>*<\/span><\/label><br \/>\n<span class=\"wpcf7-form-control-wrap\" data-name=\"your-country\"><input size=\"40\" maxlength=\"400\" class=\"wpcf7-form-control wpcf7-text wpcf7-validates-as-required\" aria-required=\"true\" aria-invalid=\"false\" value=\"\" type=\"text\" name=\"your-country\" \/><\/span>\n\t\t<\/p>\n\t<\/div>\n\t<div class=\"col-12\">\n\t\t<p><label for=\"your-phone\">Num\u00e9ro de t\u00e9l\u00e9phone<span>*<\/span><\/label><br \/>\n<span class=\"wpcf7-form-control-wrap\" data-name=\"your-phone\"><input size=\"40\" maxlength=\"400\" class=\"wpcf7-form-control wpcf7-text wpcf7-validates-as-required\" aria-required=\"true\" aria-invalid=\"false\" value=\"\" type=\"text\" name=\"your-phone\" \/><\/span>\n\t\t<\/p>\n\t<\/div>\n\t<div class=\"col-12\">\n\t\t<p><label for=\"instructions\">Instructions sp\u00e9ciales<\/label><br \/>\n<span class=\"wpcf7-form-control-wrap\" data-name=\"instructions\"><textarea cols=\"40\" rows=\"3\" maxlength=\"2000\" class=\"wpcf7-form-control wpcf7-textarea form-control\" aria-invalid=\"false\" name=\"instructions\"><\/textarea><\/span>\n\t\t<\/p>\n\t<\/div>\n\t<div class=\"col-12\">\n\t\t<p><label for=\"room-type\"><br \/>\nType de chambre<span>*<\/span> <a href=\"https:\/\/colonialeheritage.com\/fr\/rooms\/\" style=\"font-size: 14px; margin-left: 10px; text-decoration: none; color: #754c29;\">(Voir les chambres)<\/a><br \/>\n<\/label><br \/>\n<span class=\"wpcf7-form-control-wrap\" data-name=\"room-type\"><select class=\"wpcf7-form-control wpcf7-select\" aria-invalid=\"false\" name=\"room-type\"><option value=\"\"><\/option><option value=\"Jumelle I\">Jumelle I<\/option><option value=\"Jumelle II\">Jumelle II<\/option><option value=\"Studio\">Studio<\/option><option value=\"Familiale\">Familiale<\/option><\/select><\/span>\n\t\t<\/p>\n\t<\/div>\n\t<div class=\"col-12\">\n\t\t<p><label for=\"noofrooms\">Nombre de chambres<span>*<\/span><\/label><br \/>\n<span class=\"wpcf7-form-control-wrap\" data-name=\"noofrooms\"><input class=\"wpcf7-form-control wpcf7-number wpcf7-validates-as-required wpcf7-validates-as-number\" min=\"1\" max=\"4\" aria-required=\"true\" aria-invalid=\"false\" value=\"\" type=\"number\" name=\"noofrooms\" \/><\/span>\n\t\t<\/p>\n\t<\/div>\n\t<div class=\"col-6\">\n\t\t<p><label for=\"adults\">Nombre d'adultes<span>*<\/span><\/label><br \/>\n<span class=\"wpcf7-form-control-wrap\" data-name=\"adults\"><input class=\"wpcf7-form-control wpcf7-number wpcf7-validates-as-required wpcf7-validates-as-number\" min=\"1\" max=\"10\" aria-required=\"true\" aria-invalid=\"false\" value=\"\" type=\"number\" name=\"adults\" \/><\/span>\n\t\t<\/p>\n\t<\/div>\n\t<div class=\"col-6\">\n\t\t<p><label for=\"children\">Nombre d'enfants<span>*<\/span><\/label><br \/>\n<span class=\"wpcf7-form-control-wrap\" data-name=\"children\"><input class=\"wpcf7-form-control wpcf7-number wpcf7-validates-as-required wpcf7-validates-as-number\" min=\"0\" max=\"5\" aria-required=\"true\" aria-invalid=\"false\" value=\"\" type=\"number\" name=\"children\" \/><\/span>\n\t\t<\/p>\n\t<\/div>\n\t<div class=\"col-12\">\n\t<\/div>\n\t<div class=\"col-6\">\n\t\t<p><label for=\"arrival-date\">Date d'arriv\u00e9e<span>*<\/span><\/label><br \/>\n        <span  class=\"wpcf7-form-control-wrap arrival-date\" data-name=\"arrival-date\">\n        \t<input size=\"40\" class=\"wpcf7-form-control wpcf7-datepicker wpcf7-validates-as-required datepicker gmdpcf_datepicker\" format=\"dd\/mm\/yy\" min_val=\"no_limit\" max_val=\"no_limit\" disable_weekdays=\"\" aria-required=\"true\" aria-invalid=\"false\" type=\"text\" name=\"arrival-date\" \/>\n        \t\t\t<\/span>\n        \n\t\t<\/p>\n\t<\/div>\n\t<div class=\"col-6\">\n\t\t<p><label for=\"departure-date\">Date de d\u00e9part<span>*<\/span><\/label><br \/>\n        <span  class=\"wpcf7-form-control-wrap departure-date\" data-name=\"departure-date\">\n        \t<input size=\"40\" class=\"wpcf7-form-control wpcf7-datepicker wpcf7-validates-as-required datepicker gmdpcf_datepicker\" format=\"dd\/mm\/yy\" min_val=\"no_limit\" max_val=\"no_limit\" disable_weekdays=\"\" aria-required=\"true\" aria-invalid=\"false\" type=\"text\" name=\"departure-date\" \/>\n        \t\t\t<\/span>\n        \n\t\t<\/p>\n\t<\/div>\n\t<div class=\"col-12\">\n\t<\/div>\n\t<div class=\"col-6\">\n\t\t<p><button type=\"submit\" style=\"width: 50%; background-color: #754c29; color: white; border: none; padding: 15px;\">Soumettre<\/button>\n\t\t<\/p>\n\t<\/div>\n\t<div class=\"col-6\">\n\t\t<p><button type=\"reset\" style=\"width: 50%; background-color: #754c29; color: white; border: none; padding: 15px;\">R\u00e9initialiser<\/button>\n\t\t<\/p>\n\t<\/div>\n<\/div><div class=\"wpcf7-response-output\" aria-hidden=\"true\"><\/div>\n<input type=\"hidden\" name=\"trp-form-language\" value=\"fr\"\/><\/form>\n<\/div>\n<\/div>\n\t\t\t\t<\/div>\n\t\t\t\t<\/div>\n\t\t\t\t<\/div>\n\t\t<div class=\"elementor-element elementor-element-341e71a e-con-full elementor-hidden-tablet elementor-hidden-mobile e-flex e-con e-child\" data-id=\"341e71a\" data-element_type=\"container\">\n\t\t\t\t<\/div>\n\t\t\t\t\t<\/div>\n\t\t\t\t<\/div>\n\t\t\t\t<\/div>","protected":false},"excerpt":{"rendered":"<p>Reservations Please provide your personal preferences for accommodation<\/p>","protected":false},"author":1,"featured_media":0,"parent":0,"menu_order":0,"comment_status":"closed","ping_status":"closed","template":"elementor_header_footer","meta":{"footnotes":""},"class_list":["post-3170","page","type-page","status-publish","hentry"],"_links":{"self":[{"href":"https:\/\/colonialeheritage.com\/fr\/wp-json\/wp\/v2\/pages\/3170","targetHints":{"allow":["GET"]}}],"collection":[{"href":"https:\/\/colonialeheritage.com\/fr\/wp-json\/wp\/v2\/pages"}],"about":[{"href":"https:\/\/colonialeheritage.com\/fr\/wp-json\/wp\/v2\/types\/page"}],"author":[{"embeddable":true,"href":"https:\/\/colonialeheritage.com\/fr\/wp-json\/wp\/v2\/users\/1"}],"replies":[{"embeddable":true,"href":"https:\/\/colonialeheritage.com\/fr\/wp-json\/wp\/v2\/comments?post=3170"}],"version-history":[{"count":28,"href":"https:\/\/colonialeheritage.com\/fr\/wp-json\/wp\/v2\/pages\/3170\/revisions"}],"predecessor-version":[{"id":4697,"href":"https:\/\/colonialeheritage.com\/fr\/wp-json\/wp\/v2\/pages\/3170\/revisions\/4697"}],"wp:attachment":[{"href":"https:\/\/colonialeheritage.com\/fr\/wp-json\/wp\/v2\/media?parent=3170"}],"curies":[{"name":"wp","href":"https:\/\/api.w.org\/{rel}","templated":true}]}}