{"id":2711,"date":"2024-12-17T10:28:52","date_gmt":"2024-12-17T10:28:52","guid":{"rendered":"https:\/\/ovatheme.com\/romancy\/?post_type=product&#038;p=2711"},"modified":"2024-12-21T10:22:41","modified_gmt":"2024-12-21T10:22:41","slug":"jumelle-ii","status":"publish","type":"product","link":"https:\/\/colonialeheritage.com\/fr\/rooms\/jumelle-ii\/","title":{"rendered":"Jumelle II"},"content":{"rendered":"<p>Au deuxi\u00e8me \u00e9tage avec balcon priv\u00e9 vue sur jardin.<\/p>","protected":false},"excerpt":{"rendered":"<p>Toutes nos chambres Deluxe disposent de grandes fen\u00eatres pour vous aider \u00e0 profiter d'une large vue sur le paysage urbain et la nature.<\/p>","protected":false},"featured_media":4515,"comment_status":"open","ping_status":"closed","template":"","meta":[],"product_cat":[35],"product_tag":[],"class_list":{"0":"post-2711","1":"product","2":"type-product","3":"status-publish","4":"has-post-thumbnail","6":"product_cat-room-3","8":"first","9":"instock","10":"featured","11":"shipping-taxable","12":"purchasable","13":"product-type-ovabrw_car_rental"},"_links":{"self":[{"href":"https:\/\/colonialeheritage.com\/fr\/wp-json\/wp\/v2\/product\/2711","targetHints":{"allow":["GET"]}}],"collection":[{"href":"https:\/\/colonialeheritage.com\/fr\/wp-json\/wp\/v2\/product"}],"about":[{"href":"https:\/\/colonialeheritage.com\/fr\/wp-json\/wp\/v2\/types\/product"}],"replies":[{"embeddable":true,"href":"https:\/\/colonialeheritage.com\/fr\/wp-json\/wp\/v2\/comments?post=2711"}],"wp:featuredmedia":[{"embeddable":true,"href":"https:\/\/colonialeheritage.com\/fr\/wp-json\/wp\/v2\/media\/4515"}],"wp:attachment":[{"href":"https:\/\/colonialeheritage.com\/fr\/wp-json\/wp\/v2\/media?parent=2711"}],"wp:term":[{"taxonomy":"product_cat","embeddable":true,"href":"https:\/\/colonialeheritage.com\/fr\/wp-json\/wp\/v2\/product_cat?post=2711"},{"taxonomy":"product_tag","embeddable":true,"href":"https:\/\/colonialeheritage.com\/fr\/wp-json\/wp\/v2\/product_tag?post=2711"}],"curies":[{"name":"wp","href":"https:\/\/api.w.org\/{rel}","templated":true}]}}